{"id":5,"date":"2014-08-12T21:05:58","date_gmt":"2014-08-12T21:05:58","guid":{"rendered":"https:\/\/2015.belgrade.wordcamp.org\/schedule\/"},"modified":"2015-04-13T12:23:22","modified_gmt":"2015-04-13T11:23:22","slug":"schedule","status":"publish","type":"page","link":"https:\/\/belgrade.wordcamp.org\/2015\/schedule\/","title":{"rendered":"Schedule"},"content":{"rendered":"<h2>Saturday,\u00a0April 18th<\/h2>\n<table class=\"wcpt-schedule\" border=\"0\"><thead><tr><th class=\"wcpt-col-time\">Time<\/th><th class=\"wcpt-col-track\"> <span class=\"wcpt-track-name\"><\/span> <span class=\"wcpt-track-description\"><\/span> <\/th><\/tr><\/thead><tbody><tr class=\"wcpt-time-0800 global-session welcome-and-registrations\"><td class=\"wcpt-time\">08:00<\/td><td colspan=\"1\" class=\"wcpt-session-type-custom wcb-session-welcome-and-registrations\" data-track-title=\"\" data-session-id=\"963\"><div class=\"wcb-session-cell-content\"><span class=\"wcpt-session-title\">Welcome and Registrations<\/span><\/div><\/td><\/tr><tr class=\"wcpt-time-0900 global-session opening-remarks\"><td class=\"wcpt-time\">09:00<\/td><td colspan=\"1\" class=\"wcpt-session-type-custom wcb-session-opening-remarks\" data-track-title=\"\" data-session-id=\"880\"><div class=\"wcb-session-cell-content\"><span class=\"wcpt-session-title\">Opening remarks<\/span><\/div><\/td><\/tr><tr class=\"wcpt-time-0915 global-session launching-your-online-presence-the-right-way-english\"><td class=\"wcpt-time\">09:15<\/td><td colspan=\"1\" class=\"wcb-speaker-dragan-nikolic wcpt-session-type-session wcb-session-launching-your-online-presence-the-right-way\" data-track-title=\"\" data-session-id=\"876\"><div class=\"wcb-session-cell-content\"><a class=\"wcpt-session-title\" href=\"https:\/\/belgrade.wordcamp.org\/2015\/session\/launching-your-online-presence-the-right-way\/\">Launching Your Online Presence the Right Way (English)<\/a> <span class=\"wcpt-session-speakers\"><a href=\"https:\/\/belgrade.wordcamp.org\/2015\/speakers\/#wcorg-speaker-dragan-nikolic\">Dragan Nikoli\u0107<\/a><\/span><\/div><div class=\"wcb-session-favourite-icon\"><a href=\"#\" role=\"button\" class=\"fav-session-button\" aria-pressed=\"false\"><span class=\"screen-reader-text\">Favorite session: Launching Your Online Presence the Right Way (English)<\/span><span class=\"dashicons dashicons-star-filled\"><\/span><\/a><\/div><\/td><\/tr><tr class=\"wcpt-time-1000 global-session unlearn-your-optimization-skills-http2-is-here-english\"><td class=\"wcpt-time\">10:00<\/td><td colspan=\"1\" class=\"wcb-speaker-bjorn-johansen wcpt-session-type-session wcb-session-unlearn-your-optimization-skills-http2-is-here\" data-track-title=\"\" data-session-id=\"892\"><div class=\"wcb-session-cell-content\"><a class=\"wcpt-session-title\" href=\"https:\/\/belgrade.wordcamp.org\/2015\/session\/unlearn-your-optimization-skills-http2-is-here\/\">Unlearn your optimization skills. HTTP\/2 is here (English)<\/a> <span class=\"wcpt-session-speakers\"><a href=\"https:\/\/belgrade.wordcamp.org\/2015\/speakers\/#wcorg-speaker-bjorn-johansen\">Bj\u00f8rn Johansen<\/a><\/span><\/div><div class=\"wcb-session-favourite-icon\"><a href=\"#\" role=\"button\" class=\"fav-session-button\" aria-pressed=\"false\"><span class=\"screen-reader-text\">Favorite session: Unlearn your optimization skills. HTTP\/2 is here (English)<\/span><span class=\"dashicons dashicons-star-filled\"><\/span><\/a><\/div><\/td><\/tr><tr class=\"wcpt-time-1045 global-session optimizacija-razvojnog-okruenja\"><td class=\"wcpt-time\">10:45<\/td><td colspan=\"1\" class=\"wcb-speaker-milos-colakovic wcpt-session-type-session wcb-session-optimizacija-razvojnog-okruzenja\" data-track-title=\"\" data-session-id=\"895\"><div class=\"wcb-session-cell-content\"><a class=\"wcpt-session-title\" href=\"https:\/\/belgrade.wordcamp.org\/2015\/session\/optimizacija-razvojnog-okruzenja\/\">Optimizacija Razvojnog Okru\u017eenja<\/a> <span class=\"wcpt-session-speakers\"><a href=\"https:\/\/belgrade.wordcamp.org\/2015\/speakers\/#wcorg-speaker-milos-colakovic\">Milo\u0161 \u010colakovi\u0107<\/a><\/span><\/div><div class=\"wcb-session-favourite-icon\"><a href=\"#\" role=\"button\" class=\"fav-session-button\" aria-pressed=\"false\"><span class=\"screen-reader-text\">Favorite session: Optimizacija Razvojnog Okru\u017eenja<\/span><span class=\"dashicons dashicons-star-filled\"><\/span><\/a><\/div><\/td><\/tr><tr class=\"wcpt-time-1120 global-session comtrade-coffee-break\"><td class=\"wcpt-time\">11:20<\/td><td colspan=\"1\" class=\"wcpt-session-type-custom wcb-session-coffee-break\" data-track-title=\"\" data-session-id=\"882\"><div class=\"wcb-session-cell-content\"><span class=\"wcpt-session-title\">Comtrade Coffee break<\/span><\/div><\/td><\/tr><tr class=\"wcpt-time-1135 global-session git-tricks-english\"><td class=\"wcpt-time\">11:35<\/td><td colspan=\"1\" class=\"wcb-speaker-ivelina-dimova wcpt-session-type-session wcb-session-git-tricks\" data-track-title=\"\" data-session-id=\"909\"><div class=\"wcb-session-cell-content\"><a class=\"wcpt-session-title\" href=\"https:\/\/belgrade.wordcamp.org\/2015\/session\/git-tricks\/\">Git Tricks (English)<\/a> <span class=\"wcpt-session-speakers\"><a href=\"https:\/\/belgrade.wordcamp.org\/2015\/speakers\/#wcorg-speaker-ivelina-dimova\">Ivelina Dimova<\/a><\/span><\/div><div class=\"wcb-session-favourite-icon\"><a href=\"#\" role=\"button\" class=\"fav-session-button\" aria-pressed=\"false\"><span class=\"screen-reader-text\">Favorite session: Git Tricks (English)<\/span><span class=\"dashicons dashicons-star-filled\"><\/span><\/a><\/div><\/td><\/tr><tr class=\"wcpt-time-1220 global-session wp-rest-api\"><td class=\"wcpt-time\">12:20<\/td><td colspan=\"1\" class=\"wcb-speaker-zoran-ugrina wcpt-session-type-session wcb-session-wp-rest-api\" data-track-title=\"\" data-session-id=\"899\"><div class=\"wcb-session-cell-content\"><a class=\"wcpt-session-title\" href=\"https:\/\/belgrade.wordcamp.org\/2015\/session\/wp-rest-api\/\">WP REST API<\/a> <span class=\"wcpt-session-speakers\"><a href=\"https:\/\/belgrade.wordcamp.org\/2015\/speakers\/#wcorg-speaker-zoran-ugrina\">Zoran Ugrina<\/a><\/span><\/div><div class=\"wcb-session-favourite-icon\"><a href=\"#\" role=\"button\" class=\"fav-session-button\" aria-pressed=\"false\"><span class=\"screen-reader-text\">Favorite session: WP REST API<\/span><span class=\"dashicons dashicons-star-filled\"><\/span><\/a><\/div><\/td><\/tr><tr class=\"wcpt-time-1255 global-session lunch\"><td class=\"wcpt-time\">12:55<\/td><td colspan=\"1\" class=\"wcpt-session-type-custom wcb-session-lunch\" data-track-title=\"\" data-session-id=\"884\"><div class=\"wcb-session-cell-content\"><span class=\"wcpt-session-title\">Lunch<\/span><\/div><\/td><\/tr><tr class=\"wcpt-time-1400 global-session building-saas-with-wordpress-english\"><td class=\"wcpt-time\">14:00<\/td><td colspan=\"1\" class=\"wcb-speaker-mario-peshev wcpt-session-type-session wcb-session-building-saas-with-wordpress\" data-track-title=\"\" data-session-id=\"901\"><div class=\"wcb-session-cell-content\"><a class=\"wcpt-session-title\" href=\"https:\/\/belgrade.wordcamp.org\/2015\/session\/building-saas-with-wordpress\/\">Building SaaS With WordPress (English)<\/a> <span class=\"wcpt-session-speakers\"><a href=\"https:\/\/belgrade.wordcamp.org\/2015\/speakers\/#wcorg-speaker-mario-peshev\">Mario Peshev<\/a><\/span><\/div><div class=\"wcb-session-favourite-icon\"><a href=\"#\" role=\"button\" class=\"fav-session-button\" aria-pressed=\"false\"><span class=\"screen-reader-text\">Favorite session: Building SaaS With WordPress (English)<\/span><span class=\"dashicons dashicons-star-filled\"><\/span><\/a><\/div><\/td><\/tr><tr class=\"wcpt-time-1445 global-session towards-wordpress-high-availability-english\"><td class=\"wcpt-time\">14:45<\/td><td colspan=\"1\" class=\"wcb-speaker-marko-uskokovic wcpt-session-type-session wcb-session-towards-wordpress-high-availability\" data-track-title=\"\" data-session-id=\"903\"><div class=\"wcb-session-cell-content\"><a class=\"wcpt-session-title\" href=\"https:\/\/belgrade.wordcamp.org\/2015\/session\/towards-wordpress-high-availability\/\">Towards WordPress High-availability (English)<\/a> <span class=\"wcpt-session-speakers\"><a href=\"https:\/\/belgrade.wordcamp.org\/2015\/speakers\/#wcorg-speaker-marko-uskokovic\">Marko Uskokovi\u0107<\/a><\/span><\/div><div class=\"wcb-session-favourite-icon\"><a href=\"#\" role=\"button\" class=\"fav-session-button\" aria-pressed=\"false\"><span class=\"screen-reader-text\">Favorite session: Towards WordPress High-availability (English)<\/span><span class=\"dashicons dashicons-star-filled\"><\/span><\/a><\/div><\/td><\/tr><tr class=\"wcpt-time-1530 global-session ab-testing-and-usability-testing-on-wordpress-english\"><td class=\"wcpt-time\">15:30<\/td><td colspan=\"1\" class=\"wcb-speaker-luca-sartoni wcpt-session-type-session wcb-session-ab-testing-and-usability-testing-on-wordpress\" data-track-title=\"\" data-session-id=\"905\"><div class=\"wcb-session-cell-content\"><a class=\"wcpt-session-title\" href=\"https:\/\/belgrade.wordcamp.org\/2015\/session\/ab-testing-and-usability-testing-on-wordpress\/\">A\/B testing and usability testing on WordPress (English)<\/a> <span class=\"wcpt-session-speakers\"><a href=\"https:\/\/belgrade.wordcamp.org\/2015\/speakers\/#wcorg-speaker-luca-sartoni\">Luca Sartoni<\/a><\/span><\/div><div class=\"wcb-session-favourite-icon\"><a href=\"#\" role=\"button\" class=\"fav-session-button\" aria-pressed=\"false\"><span class=\"screen-reader-text\">Favorite session: A\/B testing and usability testing on WordPress (English)<\/span><span class=\"dashicons dashicons-star-filled\"><\/span><\/a><\/div><\/td><\/tr><tr class=\"wcpt-time-1605 global-session comtrade-coffee-break\"><td class=\"wcpt-time\">16:05<\/td><td colspan=\"1\" class=\"wcpt-session-type-custom wcb-session-coffee-break-2\" data-track-title=\"\" data-session-id=\"887\"><div class=\"wcb-session-cell-content\"><span class=\"wcpt-session-title\">Comtrade Coffee break<\/span><\/div><\/td><\/tr><tr class=\"wcpt-time-1620 global-session optimizacija-jako-poseenih-wordpress-sajtova\"><td class=\"wcpt-time\">16:20<\/td><td colspan=\"1\" class=\"wcb-speaker-sibin-grasic wcpt-session-type-session wcb-session-optimizacija-jako-posecenih-wordpress-sajtova\" data-track-title=\"\" data-session-id=\"907\"><div class=\"wcb-session-cell-content\"><a class=\"wcpt-session-title\" href=\"https:\/\/belgrade.wordcamp.org\/2015\/session\/optimizacija-jako-posecenih-wordpress-sajtova\/\">Optimizacija jako pose\u0107enih WordPress sajtova<\/a> <span class=\"wcpt-session-speakers\"><a href=\"https:\/\/belgrade.wordcamp.org\/2015\/speakers\/#wcorg-speaker-sibin-grasic\">Sibin Gra\u0161i\u0107<\/a><\/span><\/div><div class=\"wcb-session-favourite-icon\"><a href=\"#\" role=\"button\" class=\"fav-session-button\" aria-pressed=\"false\"><span class=\"screen-reader-text\">Favorite session: Optimizacija jako pose\u0107enih WordPress sajtova<\/span><span class=\"dashicons dashicons-star-filled\"><\/span><\/a><\/div><\/td><\/tr><tr class=\"wcpt-time-1705 global-session writing-wordpress-code-thats-universal-english\"><td class=\"wcpt-time\">17:05<\/td><td colspan=\"1\" class=\"wcb-speaker-marius-veltan wcpt-session-type-session wcb-session-writing-wordpress-code-thats-universal\" data-track-title=\"\" data-session-id=\"897\"><div class=\"wcb-session-cell-content\"><a class=\"wcpt-session-title\" href=\"https:\/\/belgrade.wordcamp.org\/2015\/session\/writing-wordpress-code-thats-universal\/\">Writing WordPress code that\u2019s universal (English)<\/a> <span class=\"wcpt-session-speakers\"><a href=\"https:\/\/belgrade.wordcamp.org\/2015\/speakers\/#wcorg-speaker-marius-veltan\">Marius Veltan<\/a><\/span><\/div><div class=\"wcb-session-favourite-icon\"><a href=\"#\" role=\"button\" class=\"fav-session-button\" aria-pressed=\"false\"><span class=\"screen-reader-text\">Favorite session: Writing WordPress code that\u2019s universal (English)<\/span><span class=\"dashicons dashicons-star-filled\"><\/span><\/a><\/div><\/td><\/tr><tr class=\"wcpt-time-1740 global-session closing-remarks\"><td class=\"wcpt-time\">17:40<\/td><td colspan=\"1\" class=\"wcpt-session-type-custom wcb-session-closing-remarks\" data-track-title=\"\" data-session-id=\"889\"><div class=\"wcb-session-cell-content\"><span class=\"wcpt-session-title\">Closing remarks<\/span><\/div><\/td><\/tr><\/tbody><\/table>\n\t<div class=\"email-form fav-session-email-form-hide\">\n\t\t<!-- Tab links -->\n\t\t<div class=\"fav-session-share-tab\">\n\t\t\t\t\t\t\t<div class=\"fav-session-tablinks\" id=\"fav-session-btn-email\">\n\t\t\t\t\tEmail\t\t\t\t<\/div>\n\t\t\t\n\t\t\t<div class=\"fav-session-tablinks\" id=\"fav-session-btn-link\">\n\t\t\t\tLink\t\t\t<\/div>\n\n\t\t\t<div class=\"fav-session-tablinks\" id=\"fav-session-btn-print\">\n\t\t\t\tPrint\t\t\t<\/div>\n\t\t<\/div>\n\n\t\t<!-- Tab content -->\n\t\t\t\t\t<div id=\"fav-session-tab-email\" class=\"fav-session-share-tabcontent\">\n\t\t\t\t<div id=\"fav-session-email-form\">\n\t\t\t\t\tSend me my favorite sessions:\n\t\t\t\t\t<form id=\"fav-sessions-form\">\n\t\t\t\t\t\t<input\n\t\t\t\t\t\t\ttype=\"text\"\n\t\t\t\t\t\t\tname=\"email_address\"\n\t\t\t\t\t\t\tid=\"fav-sessions-email-address\"\n\t\t\t\t\t\t\tplaceholder=\"me@protonmail.com\"\n\t\t\t\t\t\t\/>\n\t\t\t\t\t\t<input type=\"submit\" value=\"Send\" \/>\n\t\t\t\t\t<\/form>\n\t\t\t\t<\/div>\n\n\t\t\t\t<div class=\"fav-session-email-wait-spinner\"><\/div>\n\t\t\t\t<div class=\"fav-session-email-result\"><\/div>\n\t\t\t<\/div>\n\t\t\n\t\t<div id=\"fav-session-tab-link\" class=\"fav-session-share-tabcontent\">\n\t\t\tShareable link:\t\t\t<br \/>\n\t\t\t<a id=\"fav-sessions-link\" href=\"\"><\/a>\n\t\t<\/div>\n\n\t\t<div id=\"fav-session-tab-print\" class=\"fav-session-share-tabcontent\">\n\t\t\t<button id=\"fav-session-print\">\n\t\t\t\tPrint favorite sessions\t\t\t<\/button>\n\t\t<\/div>\n\t<\/div>\n\n\t<a class=\"show-email-form\" href=\"javascript:\">\n\t\t<span class=\"dashicons dashicons-star-filled\"><\/span>\n\t\t<span class=\"dashicons dashicons-email-alt\"><\/span>\n\t<\/a>\n\n\t\n<h2>Sunday,\u00a0April 19th<\/h2>\n<p>Contributor day\/Workshops from 11:00 till 17:00 for all WordCamp Belgrade attendees.<\/p>\n","protected":false},"excerpt":{"rendered":"<p>Saturday,\u00a0April 18th Sunday,\u00a0April 19th Contributor day\/Workshops from 11:00 till 17:00 for all WordCamp Belgrade attendees.<\/p>\n","protected":false},"author":11762377,"featured_media":0,"parent":0,"menu_order":0,"comment_status":"open","ping_status":"open","template":"","meta":{"jetpack_post_was_ever_published":false,"footnotes":""},"class_list":["post-5","page","type-page","status-publish","hentry"],"jetpack_shortlink":"https:\/\/wp.me\/P4VWWa-5","jetpack_sharing_enabled":true,"jetpack_likes_enabled":false,"jetpack-related-posts":[{"id":149,"url":"https:\/\/belgrade.wordcamp.org\/2015\/useful-info\/","url_meta":{"origin":5,"position":0},"title":"Useful info","author":"Milan Ivanovic","date":"April 6, 2015","format":false,"excerpt":"The venue ComTrade Savski Nasip 7, 11070 Belgrade, Serbia More information see: https:\/\/2015.belgrade.wordcamp.org\/location\/ After Party The After party will start at 20:00 and will end at 01:00 and will be held in the old city of Belgrade. We recommend you to go grab food around there since there are a\u2026","rel":"","context":"Similar post","block_context":{"text":"Similar post","link":""},"img":{"alt_text":"","src":"https:\/\/i0.wp.com\/s.w.org\/images\/backgrounds\/wordpress-bg-medblue.png?resize=350%2C200&ssl=1","width":350,"height":200},"classes":[]},{"id":134,"url":"https:\/\/belgrade.wordcamp.org\/2015\/about\/getting-here\/","url_meta":{"origin":5,"position":1},"title":"Getting here","author":"Milan Ivanovic","date":"December 25, 2014","format":false,"excerpt":"By Airplane The \"Nikola Tesla\" airport in Sur\u010din is located 18 km from the centre of Belgrade. Flight information can be obtained by telephone, at +381 11 20 94 444 or through the\u00a0www.beg.aero website. Read more By car Belgrade is located at the intersection of the European E-70 and E-75\u2026","rel":"","context":"Similar post","block_context":{"text":"Similar post","link":""},"img":{"alt_text":"","src":"https:\/\/i0.wp.com\/s.w.org\/images\/backgrounds\/wordpress-bg-medblue.png?resize=350%2C200&ssl=1","width":350,"height":200},"classes":[]},{"id":9,"url":"https:\/\/belgrade.wordcamp.org\/2015\/location\/","url_meta":{"origin":5,"position":2},"title":"Location","author":"Milan Ivanovic","date":"August 12, 2014","format":false,"excerpt":"WordCamp Belgrade 2015 #wcbg will be held at the ComTrade, Savski nasip 7, Belgrade, Serbia.\u00a0Here\u2019s a map to the venue. Conference venue Established in 1990, ComTrade is a leading IT company in the region with offices in 11 countries across Europe and North America. Our technology centers are located in\u2026","rel":"","context":"Similar post","block_context":{"text":"Similar post","link":""},"img":{"alt_text":"","src":"https:\/\/i0.wp.com\/belgrade.wordcamp.org\/2015\/files\/2014\/08\/about-ComTrade.jpg?fit=1200%2C533&ssl=1&resize=350%2C200","width":350,"height":200,"srcset":"https:\/\/i0.wp.com\/belgrade.wordcamp.org\/2015\/files\/2014\/08\/about-ComTrade.jpg?fit=1200%2C533&ssl=1&resize=350%2C200 1x, https:\/\/i0.wp.com\/belgrade.wordcamp.org\/2015\/files\/2014\/08\/about-ComTrade.jpg?fit=1200%2C533&ssl=1&resize=525%2C300 1.5x, https:\/\/i0.wp.com\/belgrade.wordcamp.org\/2015\/files\/2014\/08\/about-ComTrade.jpg?fit=1200%2C533&ssl=1&resize=700%2C400 2x, https:\/\/i0.wp.com\/belgrade.wordcamp.org\/2015\/files\/2014\/08\/about-ComTrade.jpg?fit=1200%2C533&ssl=1&resize=1050%2C600 3x"},"classes":[]}],"_links":{"self":[{"href":"https:\/\/belgrade.wordcamp.org\/2015\/wp-json\/wp\/v2\/pages\/5","targetHints":{"allow":["GET"]}}],"collection":[{"href":"https:\/\/belgrade.wordcamp.org\/2015\/wp-json\/wp\/v2\/pages"}],"about":[{"href":"https:\/\/belgrade.wordcamp.org\/2015\/wp-json\/wp\/v2\/types\/page"}],"author":[{"embeddable":true,"href":"https:\/\/belgrade.wordcamp.org\/2015\/wp-json\/wp\/v2\/users\/11762377"}],"replies":[{"embeddable":true,"href":"https:\/\/belgrade.wordcamp.org\/2015\/wp-json\/wp\/v2\/comments?post=5"}],"version-history":[{"count":4,"href":"https:\/\/belgrade.wordcamp.org\/2015\/wp-json\/wp\/v2\/pages\/5\/revisions"}],"predecessor-version":[{"id":1015,"href":"https:\/\/belgrade.wordcamp.org\/2015\/wp-json\/wp\/v2\/pages\/5\/revisions\/1015"}],"wp:attachment":[{"href":"https:\/\/belgrade.wordcamp.org\/2015\/wp-json\/wp\/v2\/media?parent=5"}],"curies":[{"name":"wp","href":"https:\/\/api.w.org\/{rel}","templated":true}]}}