{"id":13,"date":"2016-03-18T13:59:54","date_gmt":"2016-03-18T12:59:54","guid":{"rendered":"https:\/\/2016.belgrade.wordcamp.org\/?page_id=13"},"modified":"2016-06-04T08:42:21","modified_gmt":"2016-06-04T06:42:21","slug":"tickets","status":"publish","type":"page","link":"https:\/\/belgrade.wordcamp.org\/2016\/tickets\/","title":{"rendered":"Tickets"},"content":{"rendered":"<p>*The prices listed below are in <strong>US dollars (USD)<\/strong>\u00a0<a href=\"https:\/\/belgrade.wordcamp.org\/2016\/tickets\/\">Please view this page in a browser to purchase or manage tickets.<\/a> *We can guarantee the correct T-shirt size for tickets bought 2 weeks or more in advance. Those of you who are late, better hope that you&#8217;ve got the constitution of an average Serb \ud83d\ude42<\/p>\n<p>** For alternative ways of purchasing the ticket, please send email to <a href=\"mailto:wordcamp@wpserbia.rs\">wordcamp@wpserbia.rs<\/a><\/p>\n<p>&nbsp;<\/p>\n<hr \/>\n<h3 id=\"opsta-uplatnica\"><\/h3>\n<p><span style=\"text-decoration: underline\">Ili kupite<em>\u00a0<\/em>kartu<em>\u00a0<\/em>op\u0161tom uplatnicom:<\/span><br \/>\nPrimalac: <strong>WordPress Serbia \/ Milan Ivanovi\u0107<\/strong><br \/>\nSvrha\u00a0uplate: <strong>Va\u0161 email<br \/>\n<\/strong>Teku\u0107i ra\u010dun:\u00a0<strong>115-0381604139591-39<br \/>\n<\/strong>Cena karte\u00a0je:<strong> 2000RSD<\/strong><\/p>\n<p><a href=\"https:\/\/i0.wp.com\/2016.belgrade.wordcamp.org\/files\/2016\/03\/opsta-uplatnica-email-svrha-uplate.png?ssl=1\" target=\"_blank\"><img data-recalc-dims=\"1\" loading=\"lazy\" decoding=\"async\" data-attachment-id=\"935\" data-permalink=\"https:\/\/belgrade.wordcamp.org\/2016\/tickets\/opsta-uplatnica-email-svrha-uplate\/\" data-orig-file=\"https:\/\/i0.wp.com\/belgrade.wordcamp.org\/2016\/files\/2016\/03\/opsta-uplatnica-email-svrha-uplate.png?fit=1240%2C582&amp;ssl=1\" data-orig-size=\"1240,582\" data-comments-opened=\"1\" data-image-meta=\"{&quot;aperture&quot;:&quot;0&quot;,&quot;credit&quot;:&quot;&quot;,&quot;camera&quot;:&quot;&quot;,&quot;caption&quot;:&quot;&quot;,&quot;created_timestamp&quot;:&quot;0&quot;,&quot;copyright&quot;:&quot;&quot;,&quot;focal_length&quot;:&quot;0&quot;,&quot;iso&quot;:&quot;0&quot;,&quot;shutter_speed&quot;:&quot;0&quot;,&quot;title&quot;:&quot;&quot;,&quot;orientation&quot;:&quot;0&quot;}\" data-image-title=\"opsta-uplatnica-email-svrha-uplate\" data-image-description=\"\" data-image-caption=\"\" data-medium-file=\"https:\/\/i0.wp.com\/belgrade.wordcamp.org\/2016\/files\/2016\/03\/opsta-uplatnica-email-svrha-uplate.png?fit=300%2C141&amp;ssl=1\" data-large-file=\"https:\/\/i0.wp.com\/belgrade.wordcamp.org\/2016\/files\/2016\/03\/opsta-uplatnica-email-svrha-uplate.png?fit=640%2C301&amp;ssl=1\" class=\"aligncenter wp-image-935 size-full\" src=\"https:\/\/i0.wp.com\/2016.belgrade.wordcamp.org\/files\/2016\/03\/opsta-uplatnica-email-svrha-uplate.png?resize=640%2C300&#038;ssl=1\" width=\"640\" height=\"300\" srcset=\"https:\/\/i0.wp.com\/belgrade.wordcamp.org\/2016\/files\/2016\/03\/opsta-uplatnica-email-svrha-uplate.png?w=1240&amp;ssl=1 1240w, https:\/\/i0.wp.com\/belgrade.wordcamp.org\/2016\/files\/2016\/03\/opsta-uplatnica-email-svrha-uplate.png?resize=300%2C141&amp;ssl=1 300w, https:\/\/i0.wp.com\/belgrade.wordcamp.org\/2016\/files\/2016\/03\/opsta-uplatnica-email-svrha-uplate.png?resize=768%2C360&amp;ssl=1 768w, https:\/\/i0.wp.com\/belgrade.wordcamp.org\/2016\/files\/2016\/03\/opsta-uplatnica-email-svrha-uplate.png?resize=1024%2C481&amp;ssl=1 1024w, https:\/\/i0.wp.com\/belgrade.wordcamp.org\/2016\/files\/2016\/03\/opsta-uplatnica-email-svrha-uplate.png?resize=500%2C235&amp;ssl=1 500w, https:\/\/i0.wp.com\/belgrade.wordcamp.org\/2016\/files\/2016\/03\/opsta-uplatnica-email-svrha-uplate.png?resize=1000%2C469&amp;ssl=1 1000w\" sizes=\"auto, (max-width: 640px) 100vw, 640px\" \/><\/a><\/p>\n<p><strong>Jako je va\u017eno da unesete svoju email adresu, po\u0161to \u010demo na nju da po\u0161aljemo va\u0161 kupon.<\/strong><\/p>\n","protected":false},"excerpt":{"rendered":"<p>*The prices listed below are in US dollars (USD)\u00a0 *We can guarantee the correct T-shirt size for tickets bought 2 weeks or more in advance. Those of you who are late, better hope that you&#8217;ve got the constitution of an &hellip; <a href=\"https:\/\/belgrade.wordcamp.org\/2016\/tickets\/\">Continue reading <span class=\"assistive-text\">Tickets<\/span>  <span class=\"meta-nav\">&rarr;<\/span><\/a><\/p>\n","protected":false},"author":11762377,"featured_media":0,"parent":0,"menu_order":0,"comment_status":"closed","ping_status":"closed","template":"","meta":{"jetpack_post_was_ever_published":false,"footnotes":""},"class_list":["post-13","page","type-page","status-publish","hentry"],"jetpack_likes_enabled":false,"jetpack-related-posts":[],"jetpack_sharing_enabled":true,"jetpack_shortlink":"https:\/\/wp.me\/P7dzyw-d","_links":{"self":[{"href":"https:\/\/belgrade.wordcamp.org\/2016\/wp-json\/wp\/v2\/pages\/13","targetHints":{"allow":["GET"]}}],"collection":[{"href":"https:\/\/belgrade.wordcamp.org\/2016\/wp-json\/wp\/v2\/pages"}],"about":[{"href":"https:\/\/belgrade.wordcamp.org\/2016\/wp-json\/wp\/v2\/types\/page"}],"author":[{"embeddable":true,"href":"https:\/\/belgrade.wordcamp.org\/2016\/wp-json\/wp\/v2\/users\/11762377"}],"replies":[{"embeddable":true,"href":"https:\/\/belgrade.wordcamp.org\/2016\/wp-json\/wp\/v2\/comments?post=13"}],"version-history":[{"count":20,"href":"https:\/\/belgrade.wordcamp.org\/2016\/wp-json\/wp\/v2\/pages\/13\/revisions"}],"predecessor-version":[{"id":950,"href":"https:\/\/belgrade.wordcamp.org\/2016\/wp-json\/wp\/v2\/pages\/13\/revisions\/950"}],"wp:attachment":[{"href":"https:\/\/belgrade.wordcamp.org\/2016\/wp-json\/wp\/v2\/media?parent=13"}],"curies":[{"name":"wp","href":"https:\/\/api.w.org\/{rel}","templated":true}]}}