{"id":271,"date":"2017-03-17T08:04:17","date_gmt":"2017-03-17T08:04:17","guid":{"rendered":"https:\/\/2017.belgrade.wordcamp.org\/?page_id=271"},"modified":"2017-05-07T01:39:58","modified_gmt":"2017-05-06T23:39:58","slug":"lokacija","status":"publish","type":"page","link":"https:\/\/belgrade.wordcamp.org\/2017\/lokacija\/","title":{"rendered":"Lokacija"},"content":{"rendered":"<p>WordCamp\u00a0Beograd 2017 #WCBGD \u0107e se odr\u017eati na Univerzitetu Singidunum, Kumodra\u0161ka 261A, Beograd, Srbija. Ovo mo\u017eete videti <a href=\"https:\/\/www.google.rs\/maps\/place\/Singidunum+University\/@44.7594094,20.4943809,17z\/data=!3m1!4b1!4m2!3m1!1s0x475a70e01f084941:0x31dff72cba2cff83?hl=en\">mapu\u00a0do lokacije<\/a>.<\/p>\n<h2>Mesto odr\u017eavanja<\/h2>\n<div id=\"attachment_199\" style=\"width: 615px\" class=\"wp-caption alignnone\"><img loading=\"lazy\" decoding=\"async\" aria-describedby=\"caption-attachment-199\" class=\"wp-image-199 size-full\" src=\"https:\/\/2016.belgrade.wordcamp.org\/files\/2016\/02\/Singidunum-University.jpg\" alt=\"Singidunum University\" width=\"605\" height=\"604\" \/><p id=\"caption-attachment-199\" class=\"wp-caption-text\">Univerzitet Singidunum<\/p><\/div>\n<p>Univerzitet Singidunum je visoko\u0161kolska ustanova koja nudi svojim studentima moderne nastavne planove i nastavne metode nalik renomiranih univerzitetskih centrara. Na\u0161 cilj je da osposobimo mlade ljude da budu konkurentni na tr\u017ei\u0161tu i dr\u017ee korak sa savremenim tendencijama i poslovnim trendovima.<\/p>\n<p>Univerzitet Singidunum je prvi privatni univerzitet akreditovan po novom Zakonu o visokom obrazovanju. Trenutno ima oko 12.000 studenata upisano na Univerzitet Singidunum. Predavanja se izvode u okviru 16.000 m\u00b2 visoko-kvalitetnog prostora opremljenih sa neophodnim\u00a0ra\u010dunarima i Internet infrastrukturom, audio-video i drugim sadr\u017eajima neophodnim za efikasan proces u\u010denja i nastave svetske klase. Univerzitet raspola\u017ee sa 16 amfiteatara, 20 sala za predavanja i 9 ra\u010dunarskih sala.<\/p>\n<div id=\"attachment_200\" style=\"width: 615px\" class=\"wp-caption alignnone\"><img loading=\"lazy\" decoding=\"async\" aria-describedby=\"caption-attachment-200\" class=\"size-large wp-image-200\" src=\"https:\/\/2016.belgrade.wordcamp.org\/files\/2016\/02\/IT-Classroom-1024x585.jpg\" alt=\"IT Classroom\" width=\"605\" height=\"366\" \/><p id=\"caption-attachment-200\" class=\"wp-caption-text\">IT\u00a0U\u010dionica<\/p><\/div>\n<p>Univerzitetski programi su uskla\u0111eni sa principima Bolonjske deklaracije i obuhvataju Evropski sistem prenosa bodova (ECTS). Svi na\u0161i studijski programi su dizajnirani da zadovolje potrebe u savremenom poslovnom okru\u017eenju, sa predavanjima odr\u017eavanim u visoko-kvalitetnim modernim objektima sa preko 300 eminentnih profesora iz zemlje i inostranstva. Univerzitet uspe\u0161no sara\u0111uje sa uglednim visoko\u0161kolskim ustanovama iz SAD i Evrope, kao i sa vode\u0107im predstavnicima poslovne zajednice Srbije.<\/p>\n<div id=\"attachment_195\" style=\"width: 615px\" class=\"wp-caption alignnone\"><img loading=\"lazy\" decoding=\"async\" aria-describedby=\"caption-attachment-195\" class=\"size-large wp-image-195\" src=\"https:\/\/2016.belgrade.wordcamp.org\/files\/2016\/02\/Amphitheater-1024x509.jpg\" alt=\"Amphitheater\" width=\"605\" height=\"318\" \/><p id=\"caption-attachment-195\" class=\"wp-caption-text\">Amfiteatar<\/p><\/div>\n<p>Univerzitet stalno susti\u017ee savremene svetske trendove i dostignu\u0107a, uklju\u010duju\u0107i i prenos znanja kroz moderne nastavne programe. Na\u0161 glavni cilj je obuka i edukacija kvalitetnog kadra, stru\u010dnjaka u svojim oblastima koji bi mogli zna\u010dajno da doprinesu ukupnom dru\u0161tvenom i ekonomskom razvoju i modernizaciji Srbije.<\/p>\n<p>Zbog toga, misija Univerziteta je da omogu\u0107i transfer savremenih znanja, metoda i nau\u010dnih tehnika, primenjenih\u00a0u vode\u0107im evropskim univerzitetskim centrima, uzimaju\u0107i u obzir sve dobre prakse na\u0161ih dr\u017eavnih institucija visokog obrazovanja.<br \/>\nUniverzitet Singidunum nastoji da edukuje i trenira osoblje i obezbedi im relevantna znanja i ve\u0161tine za efikasno takmi\u010denje na tr\u017ei\u0161tu rada, kao i da omogu\u0107i budu\u0107im diplomcima da idu u korak sa savremenim trendovima poslovanja bez dodatnog stru\u010dnog usavr\u0161avanja.<\/p>\n<p>Pogledajte ovaj kul video sa na\u0161e lokacije!<\/p>\n<span class=\"embed-youtube\" style=\"text-align:center; display: block;\"><iframe loading=\"lazy\" class=\"youtube-player\" width=\"605\" height=\"315\" src=\"https:\/\/www.youtube.com\/embed\/8wAXxEVCREY?version=3&#038;rel=1&#038;showsearch=0&#038;showinfo=1&#038;iv_load_policy=1&#038;fs=1&#038;hl=en-US&#038;autohide=2&#038;wmode=transparent\" allowfullscreen=\"true\" style=\"border:0;\" sandbox=\"allow-scripts allow-same-origin allow-popups allow-presentation allow-popups-to-escape-sandbox\"><\/iframe><\/span>\n<p>Adresa:<\/p>\n<p>Kumodra\u0161ka 261a, 11000\u00a0Beograd<br \/>\n(Bulevar Peka Dap\u010devi\u0107a)<\/p>\n<p>Telefon: +38111\/3093 306, 3093 307<\/p>\n<p>e-mail: <a href=\"mailto:studije@singidunum.ac.rs\">studije@singidunum.ac.rs<\/a><\/p>\n<p><a href=\"https:\/\/www.google.rs\/maps\/place\/Singidunum+University\/@44.7594094,20.4943809,17z\/data=!3m1!4b1!4m2!3m1!1s0x475a70e01f084941:0x31dff72cba2cff83?hl=en\" target=\"_blank\" rel=\"noopener noreferrer\">Mapa do Singidunum Univerziteta<\/a><\/p>\n","protected":false},"excerpt":{"rendered":"<p>WordCamp\u00a0Beograd 2017 #WCBGD \u0107e se odr\u017eati na Univerzitetu Singidunum, Kumodra\u0161ka 261A, Beograd, Srbija. Ovo mo\u017eete videti mapu\u00a0do lokacije. Mesto odr\u017eavanja Univerzitet Singidunum je visoko\u0161kolska ustanova koja nudi svojim studentima moderne nastavne planove i nastavne metode nalik renomiranih univerzitetskih centrara. Na\u0161 &hellip; <a href=\"https:\/\/belgrade.wordcamp.org\/2017\/lokacija\/\">Continue reading <span class=\"assistive-text\">Lokacija<\/span>  <span class=\"meta-nav\">&rarr;<\/span><\/a><\/p>\n","protected":false},"author":14903619,"featured_media":0,"parent":0,"menu_order":0,"comment_status":"closed","ping_status":"closed","template":"","meta":{"jetpack_post_was_ever_published":false,"footnotes":""},"class_list":["post-271","page","type-page","status-publish","hentry"],"jetpack_sharing_enabled":true,"jetpack_shortlink":"https:\/\/wp.me\/P8oGNk-4n","_links":{"self":[{"href":"https:\/\/belgrade.wordcamp.org\/2017\/wp-json\/wp\/v2\/pages\/271","targetHints":{"allow":["GET"]}}],"collection":[{"href":"https:\/\/belgrade.wordcamp.org\/2017\/wp-json\/wp\/v2\/pages"}],"about":[{"href":"https:\/\/belgrade.wordcamp.org\/2017\/wp-json\/wp\/v2\/types\/page"}],"author":[{"embeddable":true,"href":"https:\/\/belgrade.wordcamp.org\/2017\/wp-json\/wp\/v2\/users\/14903619"}],"replies":[{"embeddable":true,"href":"https:\/\/belgrade.wordcamp.org\/2017\/wp-json\/wp\/v2\/comments?post=271"}],"version-history":[{"count":10,"href":"https:\/\/belgrade.wordcamp.org\/2017\/wp-json\/wp\/v2\/pages\/271\/revisions"}],"predecessor-version":[{"id":1382,"href":"https:\/\/belgrade.wordcamp.org\/2017\/wp-json\/wp\/v2\/pages\/271\/revisions\/1382"}],"wp:attachment":[{"href":"https:\/\/belgrade.wordcamp.org\/2017\/wp-json\/wp\/v2\/media?parent=271"}],"curies":[{"name":"wp","href":"https:\/\/api.w.org\/{rel}","templated":true}]}}